{"id":2222,"date":"2025-05-19T18:53:47","date_gmt":"2025-05-19T18:53:47","guid":{"rendered":"https:\/\/selene.twsouza.com.br\/pagina-inicial\/"},"modified":"2025-06-04T08:58:22","modified_gmt":"2025-06-04T11:58:22","slug":"pagina-inicial","status":"publish","type":"page","link":"https:\/\/selene.twsouza.com.br\/en\/","title":{"rendered":"Homepage"},"content":{"rendered":"<div class=\"wp-block-cover alignfull is-light hestia-clear-top-padding\"><span aria-hidden=\"true\" class=\"wp-block-cover__background has-white-background-color has-background-dim-100 has-background-dim\"><\/span><div class=\"wp-block-cover__inner-container is-layout-flow wp-block-cover-is-layout-flow\">\n<h2 class=\"wp-block-heading has-text-align-center has-background-color-background-color has-text-color has-background\" style=\"color:#7b7159\">Welcome to the Selene restoration and preparation project, transforming a brazilian icon into a true sleeper. Here, classic charm meets modern power, all under a discreet exterior that hides a wild heart. Explore every detail of this exciting journey, from conception to the final machine.<\/h2>\n\n\n\n<div style=\"height:40px\" aria-hidden=\"true\" class=\"wp-block-spacer\"><\/div>\n\n\n\n<p class=\"has-text-align-center has-text-color\" style=\"color:#999999;font-size:14px\"><em>Click the image to open.<\/em><\/p>\n\n\n\n<div class=\"wp-block-columns container is-layout-flex wp-container-core-columns-is-layout-28f84493 wp-block-columns-is-layout-flex\">\n<div class=\"wp-block-column is-layout-flow wp-block-column-is-layout-flow\">\n<figure class=\"wp-block-image size-large\"><a href=\"https:\/\/selene.twsouza.com.br\/en\/conceito\/\"><img loading=\"lazy\" decoding=\"async\" width=\"1024\" height=\"1024\" src=\"https:\/\/selene.twsouza.com.br\/wp-content\/uploads\/2025\/05\/adesivo03.png\" alt=\"\" class=\"wp-image-2294\" srcset=\"https:\/\/selene.twsouza.com.br\/wp-content\/uploads\/2025\/05\/adesivo03.png 1024w, https:\/\/selene.twsouza.com.br\/wp-content\/uploads\/2025\/05\/adesivo03-300x300.png 300w, https:\/\/selene.twsouza.com.br\/wp-content\/uploads\/2025\/05\/adesivo03-150x150.png 150w, https:\/\/selene.twsouza.com.br\/wp-content\/uploads\/2025\/05\/adesivo03-768x768.png 768w\" sizes=\"auto, (max-width: 1024px) 100vw, 1024px\" \/><\/a><\/figure>\n\n\n\n<h5 class=\"wp-block-heading has-text-align-center has-text-color\" style=\"color:#3c4858;font-size:18px\">Concept<\/h5>\n\n\n\n<p class=\"has-text-align-center has-text-color\" style=\"color:#999999;font-size:14px\">Discover the philosophy behind the car and be surprised.<\/p>\n\n\n\n<div style=\"height:25px\" aria-hidden=\"true\" class=\"wp-block-spacer\"><\/div>\n<\/div>\n\n\n\n<div class=\"wp-block-column is-layout-flow wp-block-column-is-layout-flow\">\n<figure class=\"wp-block-image size-large is-style-default\"><a href=\"https:\/\/selene.twsouza.com.br\/en\/buscando-inspiracao\/\"><img loading=\"lazy\" decoding=\"async\" width=\"1024\" height=\"1024\" src=\"https:\/\/selene.twsouza.com.br\/wp-content\/uploads\/2025\/05\/adesivo01.jpg\" alt=\"\" class=\"wp-image-2292\" srcset=\"https:\/\/selene.twsouza.com.br\/wp-content\/uploads\/2025\/05\/adesivo01.jpg 1024w, https:\/\/selene.twsouza.com.br\/wp-content\/uploads\/2025\/05\/adesivo01-300x300.jpg 300w, https:\/\/selene.twsouza.com.br\/wp-content\/uploads\/2025\/05\/adesivo01-150x150.jpg 150w, https:\/\/selene.twsouza.com.br\/wp-content\/uploads\/2025\/05\/adesivo01-768x768.jpg 768w\" sizes=\"auto, (max-width: 1024px) 100vw, 1024px\" \/><\/a><\/figure>\n\n\n\n<h5 class=\"wp-block-heading has-text-align-center has-text-color\" style=\"color:#3c4858;font-size:18px\">Gallery<\/h5>\n\n\n\n<p class=\"has-text-align-center has-text-color\" style=\"color:#999999;font-size:14px\">Comfort and technology integrated with discretion.<\/p>\n\n\n\n<div style=\"height:25px\" aria-hidden=\"true\" class=\"wp-block-spacer\"><\/div>\n<\/div>\n\n\n\n<div class=\"wp-block-column is-layout-flow wp-block-column-is-layout-flow\">\n<figure class=\"wp-block-image size-large\"><a href=\"https:\/\/selene.twsouza.com.br\/en\/mecanica\/\"><img loading=\"lazy\" decoding=\"async\" width=\"1024\" height=\"1024\" src=\"https:\/\/selene.twsouza.com.br\/wp-content\/uploads\/2025\/05\/adesivo04.png\" alt=\"\" class=\"wp-image-2296\" srcset=\"https:\/\/selene.twsouza.com.br\/wp-content\/uploads\/2025\/05\/adesivo04.png 1024w, https:\/\/selene.twsouza.com.br\/wp-content\/uploads\/2025\/05\/adesivo04-300x300.png 300w, https:\/\/selene.twsouza.com.br\/wp-content\/uploads\/2025\/05\/adesivo04-150x150.png 150w, https:\/\/selene.twsouza.com.br\/wp-content\/uploads\/2025\/05\/adesivo04-768x768.png 768w\" sizes=\"auto, (max-width: 1024px) 100vw, 1024px\" \/><\/a><\/figure>\n\n\n\n<h5 class=\"wp-block-heading has-text-align-center has-text-color\" style=\"color:#3c4858;font-size:18px\">Mechanics<\/h5>\n\n\n\n<p class=\"has-text-align-center has-text-color\" style=\"color:#999999;font-size:14px\">Details of the aspirated preparation of the FIASA 1300 engine to 120hp.<\/p>\n\n\n\n<div style=\"height:25px\" aria-hidden=\"true\" class=\"wp-block-spacer\"><\/div>\n<\/div>\n<\/div>\n\n\n\n<div style=\"height:40px\" aria-hidden=\"true\" class=\"wp-block-spacer\"><\/div>\n<\/div><\/div>\n\n\n\n<div class=\"wp-block-columns container is-layout-flex wp-container-core-columns-is-layout-28f84493 wp-block-columns-is-layout-flex\">\n<div class=\"wp-block-column col-md-5 is-layout-flow wp-block-column-is-layout-flow\">\n<div style=\"height:55px\" aria-hidden=\"true\" class=\"wp-block-spacer\"><\/div>\n\n\n\n<h2 class=\"wp-block-heading\"><a href=\"https:\/\/selene.twsouza.com.br\/en\/about\/\" data-type=\"page\" data-id=\"1058\">About<\/a><\/h2>\n\n\n\n<p>This is a project with our own inspiration. Created with great care and research, seeking originality with comfort and safety.<\/p>\n\n\n\n<p>Be original too.<\/p>\n<\/div>\n\n\n\n<div class=\"wp-block-column col-md-6 col-md-offset1 is-layout-flow wp-block-column-is-layout-flow\">\n<div style=\"height:55px\" aria-hidden=\"true\" class=\"wp-block-spacer\"><\/div>\n\n\n\n<figure class=\"wp-block-image size-full\"><a href=\"https:\/\/selene.twsouza.com.br\/en\/about\/\"><img loading=\"lazy\" decoding=\"async\" width=\"1024\" height=\"1024\" src=\"https:\/\/selene.twsouza.com.br\/wp-content\/uploads\/2025\/05\/adesivo.png\" alt=\"\" class=\"wp-image-2224\" srcset=\"https:\/\/selene.twsouza.com.br\/wp-content\/uploads\/2025\/05\/adesivo.png 1024w, https:\/\/selene.twsouza.com.br\/wp-content\/uploads\/2025\/05\/adesivo-300x300.png 300w, https:\/\/selene.twsouza.com.br\/wp-content\/uploads\/2025\/05\/adesivo-150x150.png 150w, https:\/\/selene.twsouza.com.br\/wp-content\/uploads\/2025\/05\/adesivo-768x768.png 768w\" sizes=\"auto, (max-width: 1024px) 100vw, 1024px\" \/><\/a><\/figure>\n\n\n\n<p><\/p>\n<\/div>\n<\/div>","protected":false},"excerpt":{"rendered":"<p>Sobre Esse \u00e9 um projeto com inspira\u00e7\u00e3o pr\u00f3pria. Criado com muito carinho e pesquisa buscando originalidade com conforto e seguran\u00e7a. Seja original voc\u00ea tamb\u00e9m.<\/p>","protected":false},"author":1,"featured_media":2261,"parent":0,"menu_order":0,"comment_status":"closed","ping_status":"closed","template":"","meta":{"footnotes":""},"class_list":["post-2222","page","type-page","status-publish","has-post-thumbnail","hentry"],"_links":{"self":[{"href":"https:\/\/selene.twsouza.com.br\/en\/wp-json\/wp\/v2\/pages\/2222","targetHints":{"allow":["GET"]}}],"collection":[{"href":"https:\/\/selene.twsouza.com.br\/en\/wp-json\/wp\/v2\/pages"}],"about":[{"href":"https:\/\/selene.twsouza.com.br\/en\/wp-json\/wp\/v2\/types\/page"}],"author":[{"embeddable":true,"href":"https:\/\/selene.twsouza.com.br\/en\/wp-json\/wp\/v2\/users\/1"}],"replies":[{"embeddable":true,"href":"https:\/\/selene.twsouza.com.br\/en\/wp-json\/wp\/v2\/comments?post=2222"}],"version-history":[{"count":9,"href":"https:\/\/selene.twsouza.com.br\/en\/wp-json\/wp\/v2\/pages\/2222\/revisions"}],"predecessor-version":[{"id":2418,"href":"https:\/\/selene.twsouza.com.br\/en\/wp-json\/wp\/v2\/pages\/2222\/revisions\/2418"}],"wp:featuredmedia":[{"embeddable":true,"href":"https:\/\/selene.twsouza.com.br\/en\/wp-json\/wp\/v2\/media\/2261"}],"wp:attachment":[{"href":"https:\/\/selene.twsouza.com.br\/en\/wp-json\/wp\/v2\/media?parent=2222"}],"curies":[{"name":"wp","href":"https:\/\/api.w.org\/{rel}","templated":true}]}}