{"id":1064,"date":"2025-05-19T18:48:55","date_gmt":"2025-05-19T18:48:55","guid":{"rendered":"https:\/\/selene.twsouza.com.br\/contact\/"},"modified":"2025-05-25T20:51:06","modified_gmt":"2025-05-25T23:51:06","slug":"contact","status":"publish","type":"page","link":"https:\/\/selene.twsouza.com.br\/en\/contact\/","title":{"rendered":"Contact"},"content":{"rendered":"<div class=\"selene-contact-page\">\n    <div class=\"selene-container\">\n        <h1>Talk to me<\/h1>\n        <p>Want to know more about the <strong>Selene Project<\/strong>?<br>\n        Do you have any questions, suggestions or just want to talk about this journey of transforming a classic into something unique?<br><br>\n        Please contact us directly via the email below:<\/p>\n\n        <p><a class=\"selene-email\" href=\"mailto:selene@twsouza.com.br\">selene@twsouza.com.br<\/a><\/p>\n    <\/div>\n<\/div>\n\n<style>\n    .selene-contact-page {\n        background-color: #f5f0e6;\n        background-image: url('https:\/\/selene.twsouza.com.br\/wp-content\/uploads\/2025\/05\/BGvintage.png');\n        background-repeat: repeat;\n        background-size: auto;\n        padding: 50px 20px;\n    }\n\n    .selene-container {\n        max-width: 800px;\n        margin: 0 auto;\n        background-color: rgba(255, 255, 255, 0.95);\n        padding: 40px;\n        border: 6px solid #a67c52;\n        border-radius: 12px;\n        box-shadow: 0 8px 20px rgba(0,0,0,0.6);\n    }\n\n    .selene-container h1 {\n        text-align: center;\n        font-size: 3em;\n        margin-bottom: 20px;\n        color: #5a4031;\n        font-family: 'Courier New', Courier, monospace;\n    }\n\n    .selene-container p {\n        font-size: 1.2em;\n        line-height: 1.8;\n        text-align: center;\n        font-family: 'Courier New', Courier, monospace;\n    }\n\n    .selene-email {\n        display: inline-block;\n        margin-top: 20px;\n        padding: 10px 20px;\n        background-color: #5a4031;\n        color: #fff;\n        text-decoration: none;\n        border-radius: 6px;\n        box-shadow: 2px 2px 8px rgba(0,0,0,0.5);\n        transition: background-color 0.3s ease;\n    }\n\n    .selene-email:hover {\n        background-color: #7b5942;\n    }\n\n    @media (max-width: 600px) {\n        .selene-container {\n            padding: 20px;\n        }\n\n        .selene-container h1 {\n            font-size: 2em;\n        }\n    }\n<\/style>\n\n\n\n<p><\/p>","protected":false},"excerpt":{"rendered":"<p>Fale Comigo Quer saber mais sobre o Projeto Selene? Tem d\u00favidas, sugest\u00f5es ou s\u00f3 quer conversar sobre essa jornada de transformar um cl\u00e1ssico em algo \u00fanico? Entre em contato diretamente pelo e-mail abaixo: selene@twsouza.com.br<\/p>","protected":false},"author":1,"featured_media":2261,"parent":0,"menu_order":0,"comment_status":"closed","ping_status":"closed","template":"","meta":{"footnotes":""},"class_list":["post-1064","page","type-page","status-publish","has-post-thumbnail","hentry"],"_links":{"self":[{"href":"https:\/\/selene.twsouza.com.br\/en\/wp-json\/wp\/v2\/pages\/1064","targetHints":{"allow":["GET"]}}],"collection":[{"href":"https:\/\/selene.twsouza.com.br\/en\/wp-json\/wp\/v2\/pages"}],"about":[{"href":"https:\/\/selene.twsouza.com.br\/en\/wp-json\/wp\/v2\/types\/page"}],"author":[{"embeddable":true,"href":"https:\/\/selene.twsouza.com.br\/en\/wp-json\/wp\/v2\/users\/1"}],"replies":[{"embeddable":true,"href":"https:\/\/selene.twsouza.com.br\/en\/wp-json\/wp\/v2\/comments?post=1064"}],"version-history":[{"count":7,"href":"https:\/\/selene.twsouza.com.br\/en\/wp-json\/wp\/v2\/pages\/1064\/revisions"}],"predecessor-version":[{"id":2313,"href":"https:\/\/selene.twsouza.com.br\/en\/wp-json\/wp\/v2\/pages\/1064\/revisions\/2313"}],"wp:featuredmedia":[{"embeddable":true,"href":"https:\/\/selene.twsouza.com.br\/en\/wp-json\/wp\/v2\/media\/2261"}],"wp:attachment":[{"href":"https:\/\/selene.twsouza.com.br\/en\/wp-json\/wp\/v2\/media?parent=1064"}],"curies":[{"name":"wp","href":"https:\/\/api.w.org\/{rel}","templated":true}]}}